{"id":127,"date":"2023-01-17T16:38:44","date_gmt":"2023-01-17T19:38:44","guid":{"rendered":"https:\/\/dryeration.com\/?page_id=127"},"modified":"2023-01-19T13:29:31","modified_gmt":"2023-01-19T16:29:31","slug":"conservacao-de-graos","status":"publish","type":"page","link":"https:\/\/dryeration.com\/?page_id=127","title":{"rendered":"Conserva\u00e7\u00e3o de gr\u00e3os"},"content":{"rendered":"<p><!--vcv no format--><!-- vcwb\/dynamicElementComment:69dcf7a5 --><\/p>\n<div class=\"vce-row-container\" data-vce-boxed-width=\"true\">\n<div class=\"vce-row vce-row--col-gap-30 vce-row-equal-height vce-row-content--top\" id=\"el-69dcf7a5\" data-vce-do-apply=\"all el-69dcf7a5\">\n<div class=\"vce-content-background-container\"><\/div>\n<div class=\"vce-row-content\" data-vce-element-content=\"true\"><!-- vcwb\/dynamicElementComment:7144d24b --><\/p>\n<div class=\"vce-col vce-col--md-auto vce-col--xs-1 vce-col--xs-last vce-col--xs-first vce-col--sm-last vce-col--sm-first vce-col--md-last vce-col--lg-last vce-col--xl-last vce-col--md-first vce-col--lg-first vce-col--xl-first\" id=\"el-7144d24b\">\n<div class=\"vce-col-inner\" data-vce-do-apply=\"border margin background  el-7144d24b\">\n<div class=\"vce-col-content\" data-vce-element-content=\"true\" data-vce-do-apply=\"padding el-7144d24b\"><!-- vcwb\/dynamicElementComment:93ae2a23 --><\/p>\n<div class=\"vce-simple-image-slider\" style=\"--backgroundPosition:center center; --pointerColor:#fff; --pointerColorHover:#fd9a00;\">\n<div class=\"vce-simple-image-slider-wrapper vce\" id=\"el-93ae2a23\" data-vce-do-apply=\"all el-93ae2a23\">\n<div class=\"vce-simple-image-slider-helper vce-simple-image-slider-aspect-ratio--16-9\">\n<div class=\"vce-simple-image-slider-list\" data-slick-autoplay=\"on\" data-slick-autoplay-delay=\"5000\" data-slick-effect=\"slideIn\" data-slick-dots=\"on\" data-slick-arrows=\"off\">\n<div class=\"slick-list\">\n<div class=\"slick-track\">\n<div class=\"vce-simple-image-slider-item vc-slick-item\">\n<div style=\"background-image:url(|!|vcvUploadUrl|!|\/2023\/01\/homogeneizador_03-1.png)\" class=\"vce-simple-image-slider-img vce-simple-image-slider-img--scale\"><img decoding=\"async\" class=\"\" src=\"|!|vcvUploadUrl|!|\/2023\/01\/homogeneizador_03-1.png\" style=\"opacity:0\" alt=\"\"><\/div>\n<\/div>\n<div class=\"vce-simple-image-slider-item vc-slick-item\">\n<div style=\"background-image:url(|!|vcvUploadUrl|!|\/2023\/01\/homogeneizador-1.png)\" class=\"vce-simple-image-slider-img vce-simple-image-slider-img--scale\"><img decoding=\"async\" class=\"\" src=\"|!|vcvUploadUrl|!|\/2023\/01\/homogeneizador-1.png\" style=\"opacity:0\" alt=\"\"><\/div>\n<\/div>\n<\/div>\n<\/div>\n<\/div>\n<div class=\"vce-simple-image-slider-dots\"><\/div>\n<\/div>\n<\/div>\n<\/div>\n<p><!-- \/vcwb\/dynamicElementComment:93ae2a23 --><\/div>\n<\/div>\n<\/div>\n<p><!-- \/vcwb\/dynamicElementComment:7144d24b --><\/div>\n<\/div>\n<\/div>\n<p><!-- \/vcwb\/dynamicElementComment:69dcf7a5 --><!-- vcwb\/dynamicElementComment:434170ca --><\/p>\n<div class=\"vce-row-container\" data-vce-boxed-width=\"true\">\n<div class=\"vce-row vce-row--col-gap-30 vce-row-equal-height vce-row-content--top\" id=\"el-434170ca\" data-vce-do-apply=\"all el-434170ca\">\n<div class=\"vce-row-content\" data-vce-element-content=\"true\"><!-- vcwb\/dynamicElementComment:cc537792 --><\/p>\n<div class=\"vce-col vce-col--md-auto vce-col--xs-1 vce-col--xs-last vce-col--xs-first vce-col--sm-last vce-col--sm-first vce-col--md-last vce-col--lg-last vce-col--xl-last vce-col--md-first vce-col--lg-first vce-col--xl-first\" id=\"el-cc537792\">\n<div class=\"vce-col-inner\" data-vce-do-apply=\"border margin background  el-cc537792\">\n<div class=\"vce-col-content\" data-vce-element-content=\"true\" data-vce-do-apply=\"padding el-cc537792\"><!-- vcwb\/dynamicElementComment:0c1d6de5 --><\/p>\n<div class=\"vce-text-block\">\n<div class=\"vce-text-block-wrapper vce\" id=\"el-0c1d6de5\" data-vce-do-apply=\"all el-0c1d6de5\">\n<h3><span style=\"font-size: 16pt;\">HOMOGEINIZADOR DA MASSA DE GR\u00c3OS <em>DRYERATION<\/em><\/span><\/h3>\n<p>O Homogeneizador pode reduzir em at\u00e9 40% da necessidade de horas de aera\u00e7\u00e3o, pelo fracionamento do tubo de impurezas central e a redu\u00e7\u00e3o da concentra\u00e7\u00e3o dos focos de impureza no armaz\u00e9m. Com isso, assegura a otimiza\u00e7\u00e3o do rendimento dos insufladores e a melhora na movimenta\u00e7\u00e3o do fluxo de ar na massa de gr\u00e3os armazenados. Este equipamento fraciona o fluxo de gr\u00e3os no enchimento do silo ou armaz\u00e9m, facilitando a passagem do ar entre os gr\u00e3os.<\/p>\n<p>&nbsp;<\/p>\n<ul>\n<li>Economia na aplica\u00e7\u00e3o de expurgos;<\/li>\n<li>Evita a autoclassifica\u00e7\u00e3o do produto;<\/li>\n<li>Economia em at\u00e9 70% das horas de aera\u00e7\u00e3o<\/li>\n<\/ul>\n<\/div>\n<\/div>\n<p><!-- \/vcwb\/dynamicElementComment:0c1d6de5 --><\/div>\n<\/div>\n<\/div>\n<p><!-- \/vcwb\/dynamicElementComment:cc537792 --><\/div>\n<\/div>\n<\/div>\n<p><!-- \/vcwb\/dynamicElementComment:434170ca --><!-- vcwb\/dynamicElementComment:5dee118d --><\/p>\n<div class=\"vce-row-container\" data-vce-boxed-width=\"true\">\n<div class=\"vce-row vce-row--col-gap-30 vce-row-equal-height vce-row-content--top\" id=\"el-5dee118d\" data-vce-do-apply=\"all el-5dee118d\">\n<div class=\"vce-row-content\" data-vce-element-content=\"true\"><!-- vcwb\/dynamicElementComment:455074db --><\/p>\n<div class=\"vce-col vce-col--md-auto vce-col--xs-1 vce-col--xs-last vce-col--xs-first vce-col--sm-last vce-col--sm-first vce-col--md-last vce-col--lg-last vce-col--xl-last vce-col--md-first vce-col--lg-first vce-col--xl-first\" id=\"el-455074db\">\n<div class=\"vce-col-inner\" data-vce-do-apply=\"border margin background  el-455074db\">\n<div class=\"vce-col-content\" data-vce-element-content=\"true\" data-vce-do-apply=\"padding el-455074db\"><!-- vcwb\/dynamicElementComment:d330d542 --><\/p>\n<div class=\"vce-raw-html\">\n<div class=\"vce-raw-html-wrapper\" id=\"el-d330d542\" data-vce-do-apply=\"all el-d330d542\">\n<center>\r\n    <div style=\"max-width:640px;\">        \r\n    <video id=\"plyr69d2804b95966\" muted controls>\r\n       <source src=\"http:\/\/|!|vcvUploadUrl|!|\/2023\/01\/Midia1.mp4\" type=\"video\/mp4\" \/>\r\n    <\/video>\r\n    <\/div>    <script>\r\n        const evplayerplyr69d2804b95966 = new Plyr(document.getElementById('plyr69d2804b95966'));\r\n        evplayerplyr69d2804b95966.ratio = '16:9';\r\n        evplayerplyr69d2804b95966.iconUrl = 'https:\/\/dryeration.com\/wp-content\/plugins\/easy-video-player\/lib\/plyr.svg';\r\n        evplayerplyr69d2804b95966.blankVideo = 'https:\/\/dryeration.com\/wp-content\/plugins\/easy-video-player\/lib\/blank.mp4';  \r\n    <\/script><\/center><\/div>\n<\/div>\n<p><!-- \/vcwb\/dynamicElementComment:d330d542 --><\/div>\n<\/div>\n<\/div>\n<p><!-- \/vcwb\/dynamicElementComment:455074db --><\/div>\n<\/div>\n<\/div>\n<p><!-- \/vcwb\/dynamicElementComment:5dee118d --><!-- vcwb\/dynamicElementComment:52e69e52 --><\/p>\n<div class=\"vce-row-container\" data-vce-boxed-width=\"true\">\n<div class=\"vce-row vce-row--col-gap-30 vce-row-equal-height vce-row-content--top\" id=\"el-52e69e52\" data-vce-do-apply=\"all el-52e69e52\">\n<div class=\"vce-row-content\" data-vce-element-content=\"true\"><!-- vcwb\/dynamicElementComment:c2219599 --><\/p>\n<div class=\"vce-col vce-col--md-auto vce-col--xs-1 vce-col--xs-last vce-col--xs-first vce-col--sm-last vce-col--sm-first vce-col--md-last vce-col--lg-last vce-col--xl-last vce-col--md-first vce-col--lg-first vce-col--xl-first\" id=\"el-c2219599\">\n<div class=\"vce-col-inner\" data-vce-do-apply=\"border margin background  el-c2219599\">\n<div class=\"vce-col-content\" data-vce-element-content=\"true\" data-vce-do-apply=\"padding el-c2219599\"><!-- vcwb\/dynamicElementComment:b651bf5b --><\/p>\n<div class=\"vce-text-block\">\n<div class=\"vce-text-block-wrapper vce\" id=\"el-b651bf5b\" data-vce-do-apply=\"all el-b651bf5b\">\n<p><span style=\"font-size: 12pt;\">Consulte o cat\u00e1logo completo abaixo, ou tire suas d\u00favidas diretamente com especialista comercial diretamente WhatsApp!<\/span><\/p>\n<\/div>\n<\/div>\n<p><!-- \/vcwb\/dynamicElementComment:b651bf5b --><\/div>\n<\/div>\n<\/div>\n<p><!-- \/vcwb\/dynamicElementComment:c2219599 --><\/div>\n<\/div>\n<\/div>\n<p><!-- \/vcwb\/dynamicElementComment:52e69e52 --><!-- vcwb\/dynamicElementComment:f862cd43 --><\/p>\n<div class=\"vce-row-container\" data-vce-boxed-width=\"true\">\n<div class=\"vce-row vce-row--col-gap-30 vce-row-equal-height vce-row-content--top\" id=\"el-f862cd43\" data-vce-do-apply=\"all el-f862cd43\">\n<div class=\"vce-row-content\" data-vce-element-content=\"true\"><!-- vcwb\/dynamicElementComment:8dc9c6b4 --><\/p>\n<div class=\"vce-col vce-col--md-auto vce-col--xs-1 vce-col--xs-last vce-col--xs-first vce-col--sm-last vce-col--sm-first vce-col--md-first vce-col--lg-first vce-col--xl-first\" id=\"el-8dc9c6b4\">\n<div class=\"vce-col-inner\" data-vce-do-apply=\"border margin background  el-8dc9c6b4\">\n<div class=\"vce-col-content\" data-vce-element-content=\"true\" data-vce-do-apply=\"padding el-8dc9c6b4\"><!-- vcwb\/dynamicElementComment:0a008ef7 --><\/p>\n<div class=\"vce-features vce-var-icon vce-features--style-filled-circle vce-features--size-small\" style=\"--text-align:center; --iconColor:#fff; --iconColorHover:#fff; --shapeColor:rgb(76, 162, 255); --shapeColorHover:rgb(76, 162, 255); --linkColorHover:rgb(68,145,228);\">\n<div id=\"el-0a008ef7\" class=\"vce vce-features-icon-wrapper\" data-vce-do-apply=\"all el-0a008ef7\">\n<div class=\"vce-features--icon vce-icon\"><svg xmlns=\"https:\/\/www.w3.org\/2000\/svg\" viewBox=\"0 0 769 769\"><path stroke-width=\"25\" d=\"M565.755 696.27h-360l-180-311.77 180-311.77h360l180 311.77z\"><\/path><\/svg><span class=\"vce-icon-container fas fa-arrow-circle-down\" aria-hidden=\"true\"><\/span><\/div>\n<\/div>\n<\/div>\n<p><!-- \/vcwb\/dynamicElementComment:0a008ef7 --><!-- vcwb\/dynamicElementComment:ccd15c43 --><\/p>\n<div class=\"vce-button--style-basic-container vce-button--style-basic-container--align-center\"><span class=\"vce-button--style-basic-wrapper vce\" id=\"el-ccd15c43\" data-vce-do-apply=\"margin el-ccd15c43\"><a class=\"vce-button vce-button--style-basic vce-button--style-basic--border-rounded vce-button--style-basic--size-medium vce-button--style-basic--color-b-85-168-255--fff\" href=\"https:\/\/dryeration.com.br\/wp-content\/uploads\/2020\/05\/cat%C3%A1logo-dry-secador-2019-redondo-web.pdf\" title=\"\" target=\"_blank\" data-vce-do-apply=\"padding border background  el-ccd15c43\" data-vce-animate=\"vce-o-animate--fadeIn\" rel=\"noopener\">Download do Cat\u00e1logo completo!<\/a><\/span><\/div>\n<p><!-- \/vcwb\/dynamicElementComment:ccd15c43 --><\/div>\n<\/div>\n<\/div>\n<p><!-- \/vcwb\/dynamicElementComment:8dc9c6b4 --><!-- vcwb\/dynamicElementComment:1189b9d7 --><\/p>\n<div class=\"vce-col vce-col--md-auto vce-col--xs-1 vce-col--xs-last vce-col--xs-first vce-col--sm-last vce-col--sm-first vce-col--md-last vce-col--lg-last vce-col--xl-last\" id=\"el-1189b9d7\">\n<div class=\"vce-col-inner\" data-vce-do-apply=\"border margin background  el-1189b9d7\">\n<div class=\"vce-col-content\" data-vce-element-content=\"true\" data-vce-do-apply=\"padding el-1189b9d7\"><!-- vcwb\/dynamicElementComment:e0e4c214 --><\/p>\n<div class=\"vce-features vce-var-icon vce-features--style-filled-circle vce-features--size-small\" style=\"--text-align:center; --iconColor:#fff; --iconColorHover:#fff; --shapeColor:rgb(76, 162, 255); --shapeColorHover:rgb(76, 162, 255); --linkColorHover:rgb(68,145,228);\">\n<div id=\"el-e0e4c214\" class=\"vce vce-features-icon-wrapper\" data-vce-do-apply=\"all el-e0e4c214\">\n<div class=\"vce-features--icon vce-icon\"><svg xmlns=\"https:\/\/www.w3.org\/2000\/svg\" viewBox=\"0 0 769 769\"><path stroke-width=\"25\" d=\"M565.755 696.27h-360l-180-311.77 180-311.77h360l180 311.77z\"><\/path><\/svg><span class=\"vce-icon-container fas fa-comments\" aria-hidden=\"true\"><\/span><\/div>\n<\/div>\n<\/div>\n<p><!-- \/vcwb\/dynamicElementComment:e0e4c214 --><!-- vcwb\/dynamicElementComment:b813edc2 --><\/p>\n<div class=\"vce-button--style-basic-container vce-button--style-basic-container--align-center\"><span class=\"vce-button--style-basic-wrapper vce\" id=\"el-b813edc2\" data-vce-do-apply=\"margin el-b813edc2\"><a class=\"vce-button vce-button--style-basic vce-button--style-basic--border-rounded vce-button--style-basic--size-medium vce-button--style-basic--color-b-138-198-10--fff\" href=\"https:\/\/wa.me\/555130744278?text=Ol%C3%A1%20Gostaria%20de%20saber%20mais%20sobre%20os%20secadores%20Dryeration!\" title=\"\" target=\"_blank\" data-vce-do-apply=\"padding border background  el-b813edc2\" data-vce-animate=\"vce-o-animate--fadeIn\" rel=\"noopener\">WhatsApp<\/a><\/span><\/div>\n<p><!-- \/vcwb\/dynamicElementComment:b813edc2 --><\/div>\n<\/div>\n<\/div>\n<p><!-- \/vcwb\/dynamicElementComment:1189b9d7 --><\/div>\n<\/div>\n<\/div>\n<p><!-- \/vcwb\/dynamicElementComment:f862cd43 --><!--vcv no format--><\/p>\n","protected":false},"excerpt":{"rendered":"<p>HOMOGEINIZADOR DA MASSA DE GR\u00c3OS DRYERATION O Homogeneizador pode reduzir em at\u00e9 40% da necessidade de horas de aera\u00e7\u00e3o, pelo fracionamento do tubo de impurezas central e a redu\u00e7\u00e3o da concentra\u00e7\u00e3o dos focos de impureza no armaz\u00e9m. Com isso, assegura a otimiza\u00e7\u00e3o do rendimento dos insufladores e a melhora na movimenta\u00e7\u00e3o do fluxo de ar [&hellip;]<\/p>\n","protected":false},"author":1,"featured_media":0,"parent":0,"menu_order":0,"comment_status":"closed","ping_status":"closed","template":"","meta":{"_mi_skip_tracking":false},"_links":{"self":[{"href":"https:\/\/dryeration.com\/index.php?rest_route=\/wp\/v2\/pages\/127"}],"collection":[{"href":"https:\/\/dryeration.com\/index.php?rest_route=\/wp\/v2\/pages"}],"about":[{"href":"https:\/\/dryeration.com\/index.php?rest_route=\/wp\/v2\/types\/page"}],"author":[{"embeddable":true,"href":"https:\/\/dryeration.com\/index.php?rest_route=\/wp\/v2\/users\/1"}],"replies":[{"embeddable":true,"href":"https:\/\/dryeration.com\/index.php?rest_route=%2Fwp%2Fv2%2Fcomments&post=127"}],"version-history":[{"count":19,"href":"https:\/\/dryeration.com\/index.php?rest_route=\/wp\/v2\/pages\/127\/revisions"}],"predecessor-version":[{"id":261,"href":"https:\/\/dryeration.com\/index.php?rest_route=\/wp\/v2\/pages\/127\/revisions\/261"}],"wp:attachment":[{"href":"https:\/\/dryeration.com\/index.php?rest_route=%2Fwp%2Fv2%2Fmedia&parent=127"}],"curies":[{"name":"wp","href":"https:\/\/api.w.org\/{rel}","templated":true}]}}