{"id":10,"date":"2023-01-16T12:32:36","date_gmt":"2023-01-16T12:32:36","guid":{"rendered":"http:\/\/dryeration.com\/?page_id=10"},"modified":"2023-01-18T17:04:40","modified_gmt":"2023-01-18T20:04:40","slug":"produtos","status":"publish","type":"page","link":"https:\/\/dryeration.com\/?page_id=10","title":{"rendered":"Produtos"},"content":{"rendered":"<p><!--vcv no format--><!-- vcwb\/dynamicElementComment:8c24ef1d --><\/p>\n<div class=\"vce-row-container\" data-vce-boxed-width=\"true\">\n<div class=\"vce-row vce-row--col-gap-30 vce-row-equal-height vce-row-content--top\" id=\"el-8c24ef1d\" data-vce-do-apply=\"all el-8c24ef1d\">\n<div class=\"vce-row-content\" data-vce-element-content=\"true\"><!-- vcwb\/dynamicElementComment:1901d678 --><\/p>\n<div class=\"vce-col vce-col--md-50p vce-col--xs-1 vce-col--xs-last vce-col--xs-first vce-col--sm-last vce-col--sm-first vce-col--md-first vce-col--lg-first vce-col--xl-first\" id=\"el-1901d678\">\n<div class=\"vce-col-inner\" data-vce-do-apply=\"border margin background  el-1901d678\">\n<div class=\"vce-col-content\" data-vce-element-content=\"true\" data-vce-do-apply=\"padding el-1901d678\"><!-- vcwb\/dynamicElementComment:aa33f237 --><\/p>\n<div class=\"vce-text-block\">\n<div class=\"vce-text-block-wrapper vce\" id=\"el-aa33f237\" data-vce-do-apply=\"all el-aa33f237\">\n<h2 style=\"text-align: center;\"><span style=\"font-family: 'Open Sans'; font-weight: 300; font-style: normal;\">Secadores de Gr\u00e3os<\/span><\/h2>\n<\/div>\n<\/div>\n<p><!-- \/vcwb\/dynamicElementComment:aa33f237 --><!-- vcwb\/dynamicElementComment:b553814e --><\/p>\n<div class=\"vce-simple-image-slider\" style=\"--pointerColor:#fff; --pointerColorHover:rgb(11, 76, 143); --backgroundPosition:center center;\">\n<div class=\"vce-simple-image-slider-wrapper vce\" id=\"el-b553814e\" data-vce-do-apply=\"all el-b553814e\">\n<div class=\"vce-simple-image-slider-helper vce-simple-image-slider-aspect-ratio--4-3\">\n<div class=\"vce-simple-image-slider-list\" data-slick-autoplay=\"on\" data-slick-autoplay-delay=\"5000\" data-slick-effect=\"slideIn\" data-slick-dots=\"on\" data-slick-arrows=\"off\">\n<div class=\"slick-list\">\n<div class=\"slick-track\">\n<div class=\"vce-simple-image-slider-item vc-slick-item\">\n<div style=\"background-image:url(|!|vcvUploadUrl|!|\/2023\/01\/REDIM-1.png)\" class=\"vce-simple-image-slider-img vce-simple-image-slider-img--scale\"><img decoding=\"async\" class=\"\" src=\"|!|vcvUploadUrl|!|\/2023\/01\/REDIM-1.png\" style=\"opacity:0\" alt=\"\"><\/div>\n<\/div>\n<div class=\"vce-simple-image-slider-item vc-slick-item\">\n<div style=\"background-image:url(|!|vcvUploadUrl|!|\/2023\/01\/REDIM-4.png)\" class=\"vce-simple-image-slider-img vce-simple-image-slider-img--scale\"><img decoding=\"async\" class=\"\" src=\"|!|vcvUploadUrl|!|\/2023\/01\/REDIM-4.png\" style=\"opacity:0\" alt=\"\"><\/div>\n<\/div>\n<div class=\"vce-simple-image-slider-item vc-slick-item\">\n<div style=\"background-image:url(|!|vcvUploadUrl|!|\/2023\/01\/REDIM-6.png)\" class=\"vce-simple-image-slider-img vce-simple-image-slider-img--scale\"><img decoding=\"async\" class=\"\" src=\"|!|vcvUploadUrl|!|\/2023\/01\/REDIM-6.png\" style=\"opacity:0\" alt=\"\"><\/div>\n<\/div>\n<div class=\"vce-simple-image-slider-item vc-slick-item\">\n<div style=\"background-image:url(|!|vcvUploadUrl|!|\/2023\/01\/REDIM-5.png)\" class=\"vce-simple-image-slider-img vce-simple-image-slider-img--scale\"><img decoding=\"async\" class=\"\" src=\"|!|vcvUploadUrl|!|\/2023\/01\/REDIM-5.png\" style=\"opacity:0\" alt=\"\"><\/div>\n<\/div>\n<div class=\"vce-simple-image-slider-item vc-slick-item\">\n<div style=\"background-image:url(|!|vcvUploadUrl|!|\/2023\/01\/REDIM-2.png)\" class=\"vce-simple-image-slider-img vce-simple-image-slider-img--scale\"><img decoding=\"async\" class=\"\" src=\"|!|vcvUploadUrl|!|\/2023\/01\/REDIM-2.png\" style=\"opacity:0\" alt=\"\"><\/div>\n<\/div>\n<div class=\"vce-simple-image-slider-item vc-slick-item\">\n<div style=\"background-image:url(|!|vcvUploadUrl|!|\/2023\/01\/REDIM-3.png)\" class=\"vce-simple-image-slider-img vce-simple-image-slider-img--scale\"><img decoding=\"async\" class=\"\" src=\"|!|vcvUploadUrl|!|\/2023\/01\/REDIM-3.png\" style=\"opacity:0\" alt=\"\"><\/div>\n<\/div>\n<\/div>\n<\/div>\n<\/div>\n<div class=\"vce-simple-image-slider-dots\"><\/div>\n<\/div>\n<\/div>\n<\/div>\n<p><!-- \/vcwb\/dynamicElementComment:b553814e --><!-- vcwb\/dynamicElementComment:e148304f --><\/p>\n<div class=\"vce-text-block\">\n<div class=\"vce-text-block-wrapper vce\" id=\"el-e148304f\" data-vce-do-apply=\"all el-e148304f\">\n<h2 class=\"vc_custom_heading\"><span style=\"font-size: 16pt;\">Efetiva Alta Performance na Secagem<\/span><\/h2>\n<div class=\"wpb_text_column wpb_content_element \">\n<div class=\"wpb_wrapper\">\n<p>&nbsp; &nbsp; &nbsp; &nbsp; Aqui voc\u00ea pode escolher os secadores de gr\u00e3os, que melhor atende o seu neg\u00f3cio. Todos oferecem excelente performance produtiva, econ\u00f4mica e ambiental. Nossas m\u00e1quinas suprem diferentes necessidades de produ\u00e7\u00e3o e diversos tipos de gr\u00e3os, sementes, cereais e oleaginosas. Elas foram desenvolvidas para trabalhar em fluxo cont\u00ednuo, sem necessidade de repasse, extraindo somente a \u00e1gua excessiva, garantindo maior equabilidade e preserva\u00e7\u00e3o dos gr\u00e3os. Dessa forma, voc\u00ea agrega mais valor ao seu neg\u00f3cio e garante o sucesso do seu neg\u00f3cio.<\/p>\n<\/div>\n<\/div>\n<\/div>\n<\/div>\n<p><!-- \/vcwb\/dynamicElementComment:e148304f --><!-- vcwb\/dynamicElementComment:198d1d7d --><\/p>\n<div class=\"vce-button--style-basic-container vce-button--style-basic-container--align-center\"><span class=\"vce-button--style-basic-wrapper vce\" id=\"el-198d1d7d\" data-vce-do-apply=\"margin el-198d1d7d\"><a class=\"vce-button vce-button--style-basic vce-button--style-basic--border-rounded vce-button--style-basic--size-medium vce-button--style-basic--color-557cbf--fff\" href=\"https:\/\/dryeration.com\/?page_id=126\" title=\"\" data-vce-do-apply=\"padding border background  el-198d1d7d\">Saiba Mais<\/a><\/span><\/div>\n<p><!-- \/vcwb\/dynamicElementComment:198d1d7d --><\/div>\n<\/div>\n<\/div>\n<p><!-- \/vcwb\/dynamicElementComment:1901d678 --><!-- vcwb\/dynamicElementComment:c9a985db --><\/p>\n<div class=\"vce-col vce-col--md-50p vce-col--xs-1 vce-col--xs-last vce-col--xs-first vce-col--sm-last vce-col--sm-first vce-col--md-last vce-col--lg-last vce-col--xl-last\" id=\"el-c9a985db\">\n<div class=\"vce-col-inner\" data-vce-do-apply=\"border margin background  el-c9a985db\">\n<div class=\"vce-col-content\" data-vce-element-content=\"true\" data-vce-do-apply=\"padding el-c9a985db\"><!-- vcwb\/dynamicElementComment:0d175244 --><\/p>\n<div class=\"vce-text-block\">\n<div class=\"vce-text-block-wrapper vce\" id=\"el-0d175244\" data-vce-do-apply=\"all el-0d175244\">\n<h2 style=\"text-align: center;\"><span style=\"font-family: 'Open Sans'; font-weight: 300; font-style: normal;\">Homogeneizador<\/span><\/h2>\n<\/div>\n<\/div>\n<p><!-- \/vcwb\/dynamicElementComment:0d175244 --><!-- vcwb\/dynamicElementComment:d5aaecfc --><\/p>\n<div class=\"vce-simple-image-slider\" style=\"--backgroundPosition:center center; --pointerColor:#fff; --pointerColorHover:#fd9a00;\">\n<div class=\"vce-simple-image-slider-wrapper vce\" id=\"el-d5aaecfc\" data-vce-do-apply=\"all el-d5aaecfc\">\n<div class=\"vce-simple-image-slider-helper vce-simple-image-slider-aspect-ratio--4-3\">\n<div class=\"vce-simple-image-slider-list\" data-slick-autoplay=\"on\" data-slick-autoplay-delay=\"5000\" data-slick-effect=\"slideIn\" data-slick-dots=\"on\" data-slick-arrows=\"off\">\n<div class=\"slick-list\">\n<div class=\"slick-track\">\n<div class=\"vce-simple-image-slider-item vc-slick-item\">\n<div style=\"background-image:url(|!|vcvUploadUrl|!|\/2023\/01\/homogeneizador-1.png)\" class=\"vce-simple-image-slider-img vce-simple-image-slider-img--scale\"><img decoding=\"async\" class=\"\" src=\"|!|vcvUploadUrl|!|\/2023\/01\/homogeneizador-1.png\" style=\"opacity:0\" alt=\"\"><\/div>\n<\/div>\n<div class=\"vce-simple-image-slider-item vc-slick-item\">\n<div style=\"background-image:url(|!|vcvUploadUrl|!|\/2023\/01\/homogeneizador_03-1.png)\" class=\"vce-simple-image-slider-img vce-simple-image-slider-img--scale\"><img decoding=\"async\" class=\"\" src=\"|!|vcvUploadUrl|!|\/2023\/01\/homogeneizador_03-1.png\" style=\"opacity:0\" alt=\"\"><\/div>\n<\/div>\n<\/div>\n<\/div>\n<\/div>\n<div class=\"vce-simple-image-slider-dots\"><\/div>\n<\/div>\n<\/div>\n<\/div>\n<p><!-- \/vcwb\/dynamicElementComment:d5aaecfc --><!-- vcwb\/dynamicElementComment:fa358546 --><\/p>\n<div class=\"vce-text-block\">\n<div class=\"vce-text-block-wrapper vce\" id=\"el-fa358546\" data-vce-do-apply=\"all el-fa358546\">\n<h2><span style=\"font-size: 14pt;\">HOMOGEINIZADOR DA MASSA DE GR\u00c3OS<\/span><\/h2>\n<div class=\"wpb_text_column wpb_content_element \">\n<div class=\"wpb_wrapper\">\n<p>&nbsp; &nbsp; &nbsp; &nbsp; &nbsp; O Homogeneizador pode reduzir em at\u00e9 40% da necessidade de horas de aera\u00e7\u00e3o, pelo fracionamento do tubo de impurezas central e a redu\u00e7\u00e3o da concentra\u00e7\u00e3o dos focos de impureza no armaz\u00e9m. Com isso, assegura a otimiza\u00e7\u00e3o do rendimento dos insufladores e a melhora na movimenta\u00e7\u00e3o do fluxo de ar na massa de gr\u00e3os armazenados. Este equipamento fraciona o fluxo de gr\u00e3os no enchimento do silo ou armaz\u00e9m, facilitando a passagem do ar entre os gr\u00e3os.<\/p>\n<\/div>\n<\/div>\n<\/div>\n<\/div>\n<p><!-- \/vcwb\/dynamicElementComment:fa358546 --><!-- vcwb\/dynamicElementComment:e3095f83 --><\/p>\n<div class=\"vce-button--style-basic-container vce-button--style-basic-container--align-center\"><span class=\"vce-button--style-basic-wrapper vce\" id=\"el-e3095f83\" data-vce-do-apply=\"margin el-e3095f83\"><a class=\"vce-button vce-button--style-basic vce-button--style-basic--border-rounded vce-button--style-basic--size-medium vce-button--style-basic--color-557cbf--fff\" href=\"https:\/\/dryeration.com\/?page_id=127\" title=\"\" data-vce-do-apply=\"padding border background  el-e3095f83\">Saiba Mais<\/a><\/span><\/div>\n<p><!-- \/vcwb\/dynamicElementComment:e3095f83 --><\/div>\n<\/div>\n<\/div>\n<p><!-- \/vcwb\/dynamicElementComment:c9a985db --><\/div>\n<\/div>\n<\/div>\n<p><!-- \/vcwb\/dynamicElementComment:8c24ef1d --><!--vcv no format--><\/p>\n","protected":false},"excerpt":{"rendered":"<p>Secadores de Gr\u00e3os Efetiva Alta Performance na Secagem &nbsp; &nbsp; &nbsp; &nbsp; Aqui voc\u00ea pode escolher os secadores de gr\u00e3os, que melhor atende o seu neg\u00f3cio. Todos oferecem excelente performance produtiva, econ\u00f4mica e ambiental. Nossas m\u00e1quinas suprem diferentes necessidades de produ\u00e7\u00e3o e diversos tipos de gr\u00e3os, sementes, cereais e oleaginosas. Elas foram desenvolvidas para trabalhar [&hellip;]<\/p>\n","protected":false},"author":1,"featured_media":0,"parent":0,"menu_order":0,"comment_status":"closed","ping_status":"closed","template":"","meta":{"_mi_skip_tracking":false},"_links":{"self":[{"href":"https:\/\/dryeration.com\/index.php?rest_route=\/wp\/v2\/pages\/10"}],"collection":[{"href":"https:\/\/dryeration.com\/index.php?rest_route=\/wp\/v2\/pages"}],"about":[{"href":"https:\/\/dryeration.com\/index.php?rest_route=\/wp\/v2\/types\/page"}],"author":[{"embeddable":true,"href":"https:\/\/dryeration.com\/index.php?rest_route=\/wp\/v2\/users\/1"}],"replies":[{"embeddable":true,"href":"https:\/\/dryeration.com\/index.php?rest_route=%2Fwp%2Fv2%2Fcomments&post=10"}],"version-history":[{"count":5,"href":"https:\/\/dryeration.com\/index.php?rest_route=\/wp\/v2\/pages\/10\/revisions"}],"predecessor-version":[{"id":209,"href":"https:\/\/dryeration.com\/index.php?rest_route=\/wp\/v2\/pages\/10\/revisions\/209"}],"wp:attachment":[{"href":"https:\/\/dryeration.com\/index.php?rest_route=%2Fwp%2Fv2%2Fmedia&parent=10"}],"curies":[{"name":"wp","href":"https:\/\/api.w.org\/{rel}","templated":true}]}}